{"id":78,"date":"2018-11-13T04:53:03","date_gmt":"2018-11-13T04:53:03","guid":{"rendered":"http:\/\/oshinewptheme.com\/v45\/?page_id=78"},"modified":"2025-11-14T11:26:01","modified_gmt":"2025-11-14T11:26:01","slug":"pompom-film","status":"publish","type":"page","link":"https:\/\/www.pompomfilm.hr\/hr\/","title":{"rendered":"PomPom Film"},"content":{"rendered":"<div  class=\"tatsu-i494znzyq54yd587 tatsu-section  tatsu-bg-overlay   tatsu-clearfix\" data-title=\"\"  data-headerscheme=\"background--dark\"><div class='tatsu-section-pad clearfix' data-padding='{\"d\":\"90px 0px 15px 0px\"}' data-padding-top='90px'><div class=\"tatsu-row-wrap  tatsu-wrap tatsu-row-one-col tatsu-row-has-one-cols tatsu-medium-gutter tatsu-reg-cols  tatsu-clearfix tatsu-i494znzyrp3nlcbl\" ><div  class=\"tatsu-row\" ><div  class=\"tatsu-column  tatsu-bg-overlay tatsu-column-empty tatsu-one-col tatsu-column-image-none tatsu-column-effect-none  tatsu-i494znzyt9f04ob5\"  data-parallax-speed=\"0\" style=\"\"><div class=\"tatsu-column-inner\" ><div class=\"tatsu-column-pad-wrap\"><div class=\"tatsu-column-pad\" ><\/div><\/div><div class = \"tatsu-column-bg-image-wrap\"><div class = \"tatsu-column-bg-image\" ><\/div><\/div><div class=\"tatsu-overlay tatsu-column-overlay tatsu-animate-none\" ><\/div><\/div><style>.tatsu-row > .tatsu-i494znzyt9f04ob5.tatsu-column{width: 100%;}.tatsu-i494znzyt9f04ob5.tatsu-column > .tatsu-column-inner > .tatsu-column-overlay{mix-blend-mode: normal;}.tatsu-i494znzyt9f04ob5 > .tatsu-column-inner > .tatsu-top-divider{z-index: 9999;}.tatsu-i494znzyt9f04ob5 > .tatsu-column-inner > .tatsu-bottom-divider{z-index: 9999;}.tatsu-i494znzyt9f04ob5 > .tatsu-column-inner > .tatsu-left-divider{z-index: 9999;}.tatsu-i494znzyt9f04ob5 > .tatsu-column-inner > .tatsu-right-divider{z-index: 9999;}<\/style><\/div><\/div><\/div><\/div><div class=\"tatsu-section-background-wrap\"><div class = \"tatsu-section-background\" ><\/div><\/div><div class=\"tatsu-overlay tatsu-section-overlay\"><\/div><style>.tatsu-i494znzyq54yd587 .tatsu-section-pad{padding: 90px 0px 15px 0px;}.tatsu-i494znzyq54yd587 > .tatsu-bottom-divider{z-index: 9999;}.tatsu-i494znzyq54yd587 > .tatsu-top-divider{z-index: 9999;}.tatsu-i494znzyq54yd587 .tatsu-section-overlay{mix-blend-mode: normal;}<\/style><\/div><div  class=\"tatsu-SkfywoAQa tatsu-section  tatsu-fullscreen tatsu-video-section   tatsu-clearfix\" data-title=\"\"  data-headerscheme=\"background--dark\"><div class=\"tatsu-fullscreen-wrap\"><div class='tatsu-section-pad clearfix' data-padding='{\"d\":\"0px 0px 0px 0px\"}' data-padding-top='0px'><div class=\"tatsu-row-wrap  tatsu-wrap tatsu-row-one-col tatsu-row-has-one-cols tatsu-medium-gutter tatsu-reg-cols  tatsu-clearfix tatsu-HygzJDiRQT\" ><div  class=\"tatsu-row\" ><div  class=\"tatsu-column  tatsu-column-no-bg tatsu-one-col tatsu-column-image-none tatsu-column-effect-none  tatsu-HJ-fyPsCQT\"  data-parallax-speed=\"0\" style=\"\"><div class=\"tatsu-column-inner\" ><div class=\"tatsu-column-pad-wrap\"><div class=\"tatsu-column-pad\" ><div  class=\"tatsu-module tatsu-inline-text clearfix tatsu-rkGzJPo0ma\" ><style>.tatsu-rkGzJPo0ma .tatsu-inline-text-inner{width: 100%;text-align: left;}<\/style><div class=\"tatsu-inline-text-inner tatsu-align-center\">\n<h1 style=\"text-align: center;\"><span style=\"color: #ffffff;\">Glavonja u kinima 2026!<\/span><\/h1>\n<\/div><\/div><div  class=\"tatsu-module tatsu-normal-icon tatsu-icon-shortcode align-center tatsu-ry7MJvjAQT\"><style>.tatsu-ry7MJvjAQT .tatsu-icon:hover{background-color: rgba(0,0,0,1);color: rgba(255,255,255,1) ;border-color: rgba(0,0,0,1); }.tatsu-ry7MJvjAQT .tatsu-icon{color: rgba(255,255,255,1) ;border-width: 1px;border-color: rgba(255,255,255,1); }.tatsu-ry7MJvjAQT{border-width: 0px 0px 0px 0px;}<\/style><a href=\"https:\/\/www.pompomfilm.hr\/hr\/portfolio\/glavonja\/\"  class=\"tatsu-icon-wrap circle\"  aria-label=\"icon-play\" data-gdpr-atts=\"{}\"   ><i class=\"tatsu-icon tatsu-custom-icon tatsu-custom-icon-class icon-play medium circle\"  data-animation=\"none\" data-animation-delay=\"0\"><\/i><\/a><\/div><\/div><\/div><div class = \"tatsu-column-bg-image-wrap\"><div class = \"tatsu-column-bg-image\" ><\/div><\/div><\/div><style>.tatsu-row > .tatsu-HJ-fyPsCQT.tatsu-column{width: 100%;}.tatsu-HJ-fyPsCQT.tatsu-column > .tatsu-column-inner > .tatsu-column-overlay{mix-blend-mode: none;}.tatsu-HJ-fyPsCQT > .tatsu-column-inner > .tatsu-top-divider{z-index: 9999;}.tatsu-HJ-fyPsCQT > .tatsu-column-inner > .tatsu-bottom-divider{z-index: 9999;}.tatsu-HJ-fyPsCQT > .tatsu-column-inner > .tatsu-left-divider{z-index: 9999;}.tatsu-HJ-fyPsCQT > .tatsu-column-inner > .tatsu-right-divider{z-index: 9999;}<\/style><\/div><\/div><\/div><\/div><div class=\"tatsu-section-background-wrap\"><div class = \"tatsu-section-background\" ><\/div><\/div><video class=\"tatsu-bg-video\" autoplay=\"autoplay\" loop=\"loop\" muted=\"muted\" preload=\"auto\" playsinline webkit-playsinline><source src=\"https:\/\/filedn.eu\/ltHWFmhYu0XzqHlMXI7TX1b\/pompom%20web\/Glavonja%20teaser%20za%20web.mp4\" type=\"video\/mp4\"><\/video><\/div><style>.tatsu-SkfywoAQa.tatsu-section{margin: -10% 0px 0% 0px;}.tatsu-SkfywoAQa > .tatsu-bottom-divider{z-index: 9999;}.tatsu-SkfywoAQa > .tatsu-top-divider{z-index: 9999;}.tatsu-SkfywoAQa .tatsu-fullscreen-wrap{align-items: center;}<\/style><\/div><div  class=\"tatsu-H1ZTwgJ_am tatsu-section    tatsu-clearfix\" data-title=\"\"  data-headerscheme=\"background--dark\"><div class='tatsu-section-pad clearfix' data-padding='{\"d\":\"100px 0px 0px 0px\"}' data-padding-top='100px'><div class=\"tatsu-row-wrap  tatsu-wrap tatsu-row-one-col tatsu-row-has-one-cols tatsu-medium-gutter tatsu-reg-cols  tatsu-clearfix tatsu-S1gpPlyd6Q\" ><div  class=\"tatsu-row\" ><div  class=\"tatsu-column  tatsu-column-no-bg tatsu-one-col tatsu-animate tatsu-column-image-none tatsu-column-effect-none  tatsu-SypDx1up7\" data-animation=\"fadeInLeft\"   data-parallax-speed=\"0\" style=\"\"><div class=\"tatsu-column-inner\" ><div class=\"tatsu-column-pad-wrap\"><div class=\"tatsu-column-pad\" ><div  class = \"oshine-module special-heading-wrap  tatsu-ryw_ey_T7 style6\" ><style>.tatsu-ryw_ey_T7.special-heading-wrap.style6{font-size: 15px;margin: 0px 0px 20px 0px;text-align: left;}.tatsu-ryw_ey_T7.special-heading-wrap.style6 .be-title{letter-spacing: 1px;}.tatsu-ryw_ey_T7.special-heading-wrap.style6 .be-border {background: #222222;}<\/style><div class = \"special-heading-inner-wrap be-border-style2 be-expand\" ><div class = \"be-border\" ><\/div><h6 class = \"be-title\">O NAMA<\/h6><\/div><\/div><div  class=\"tatsu-module tatsu-text-block-wrap tatsu-ryQql2Amp\"><div class=\"tatsu-text-inner tatsu-align-center  clearfix\" ><style>.tatsu-ryQql2Amp.tatsu-text-block-wrap .tatsu-text-inner{width: 100%;text-align: left;}<\/style>\n<p>PomPom Film je produkcijska ku\u0107a posve\u0107ena stvaranju filmova za djecu i mlade kojima nastojimo potaknuti mladu publiku na velike snove, prihva\u0107anje razli\u010ditosti i ostvarivanje pozitivnog utjecaja na svijet oko sebe.<\/p>\n<\/div><\/div><div  class=\"tatsu-module tatsu-normal-button tatsu-button-wrap   tatsu-rkvhe1OTm\"><a class=\"tatsu-shortcode mediumbtn tatsu-button left-icon    bg-animation-none\" href=\"http:\/\/www.pompomfilm.hr\/hr\/about-us\/\" style= \"\"  aria-label=\"Vi\u0161e\" data-gdpr-atts=\"{}\" >Vi\u0161e<\/a><style>.tatsu-rkvhe1OTm .tatsu-button:hover{background-color: #222222;color: #ffffff ;border-color: #222222; }.tatsu-rkvhe1OTm .tatsu-button{color: #222222 ;border-width: 2px;border-color: #222222; }<\/style><\/div><\/div><\/div><div class = \"tatsu-column-bg-image-wrap\"><div class = \"tatsu-column-bg-image\" ><\/div><\/div><\/div><style>.tatsu-row > .tatsu-SypDx1up7.tatsu-column{width: 100%;}.tatsu-SypDx1up7.tatsu-column > .tatsu-column-inner > .tatsu-column-overlay{mix-blend-mode: none;}.tatsu-SypDx1up7 > .tatsu-column-inner > .tatsu-top-divider{z-index: 9999;}.tatsu-SypDx1up7 > .tatsu-column-inner > .tatsu-bottom-divider{z-index: 9999;}.tatsu-SypDx1up7 > .tatsu-column-inner > .tatsu-left-divider{z-index: 9999;}.tatsu-SypDx1up7 > .tatsu-column-inner > .tatsu-right-divider{z-index: 9999;}@media only screen and (max-width:1377px) {.tatsu-row > .tatsu-SypDx1up7.tatsu-column{width: 100%;}}@media only screen and (min-width:768px) and (max-width: 1024px) {.tatsu-row > .tatsu-SypDx1up7.tatsu-column{width: 100%;}}@media only screen and (max-width: 767px) {.tatsu-row > .tatsu-SypDx1up7.tatsu-column{width: 100%;}}<\/style><\/div><\/div><\/div><\/div><div class=\"tatsu-section-background-wrap\"><div class = \"tatsu-section-background\" ><\/div><\/div><style>.tatsu-H1ZTwgJ_am .tatsu-section-pad{padding: 100px 0px 0px 0px;}.tatsu-H1ZTwgJ_am > .tatsu-bottom-divider{z-index: 9999;}.tatsu-H1ZTwgJ_am > .tatsu-top-divider{z-index: 9999;}<\/style><\/div><div  class=\"tatsu-B1WFMbkOTQ tatsu-section    tatsu-clearfix\" data-title=\"\"  data-headerscheme=\"background--dark\"><div class='tatsu-section-pad clearfix' data-padding='{\"d\":\"15px 0px 90px 0px\"}' data-padding-top='15px'><div class=\"tatsu-row-wrap  tatsu-wrap tatsu-row-one-col tatsu-row-has-one-cols tatsu-medium-gutter tatsu-reg-cols  tatsu-clearfix tatsu-SJxtz-yO6m\" ><div  class=\"tatsu-row\" ><div  class=\"tatsu-column  tatsu-column-no-bg tatsu-one-col tatsu-column-image-none tatsu-column-effect-none  tatsu-H1Yf-kdpX\"  data-parallax-speed=\"0\" style=\"\"><div class=\"tatsu-column-inner\" ><div class=\"tatsu-column-pad-wrap\"><div class=\"tatsu-column-pad\" ><div  class = \"portfolio-all-wrap oshine-portfolio-module tatsu-HkfIbJ_pX\"  > <div class=\"portfolio portfolio-delay-load full-screen be-portfolio-prebuilt-hover-style1 portfolio-lazy-load full-screen-gutter masonry_disable style2-gutter one-col\" data-animation = \"fadeInLeft\" data-action=\"get_ajax_full_screen_gutter_portfolio\" data-category=\"\" data-aspect-ratio = \"1.6\" data-enable-masonry=\"0\" data-showposts=\"3\" data-paged=\"2\" data-col=\"one\" data-gallery=\"0\" data-filter=\"portfolio_tags\" data-meta_to_show=\"portfolio_categories\" data-show_filters=\"no\" data-thumbnail-bg-color=\"\" data-thumbnail-bg-gradient=\"background:rgba(0,0,0,0.4)\" data-placeholder-color=\"rgba(245,245,245,1)\" data-cat-color=\"\" data-title-color=\"\"  data-gutter-width=\"40\" data-img-grayscale=\"c_to_c\" data-prebuilt-hover-style=\"style1\"\" data-gradient-style-color=\"background:rgba(0,0,0,0.4)\" data-cat-hide=\"0\" data-like-indicator=\"1\" style=\"margin-left: -40px;\"><div class=\"portfolio-container clickable clearfix portfolio-shortcode  init-slide-left\"><div class=\"element be-hoverlay not-wide no-wide-width-height  c_to_c\"style=\"margin-bottom: 40px;\" data-category-names = \"\"><div class=\"element-inner\" style=\"margin-left: 40px;\"><a href=\"https:\/\/www.pompomfilm.hr\/hr\/portfolio\/beanie\/\" class=\"thumb-wrap\" data-gdpr-atts=\"{}\" title=\"Kapa_djeciji_film_scena_8\" ><div class=\"flip-wrap\" ><div   style = \"padding-bottom : 62.5%;background-color:rgba(245,245,245,1);\" class=\"flip-img-wrap\"><img decoding=\"async\" src=\"https:\/\/www.pompomfilm.hr\/wp-content\/uploads\/2025\/08\/Kapa_djeciji_film_scena_8.jpeg\" alt=\"\"\/><\/div><\/div><div class=\"thumb-overlay\"><div class=\"thumb-bg\" style=\"background-color:rgba(0, 0, 0, 0.5);\"><div class=\"thumb-title-wrap\"><div class=\"thumb-title\" >Kapa<\/div><\/div><\/div><div class = \"thumb-border-wrapper\" style = \"border-color:rgba(0,0,0,0.4);\" ><\/div><\/div><\/a><\/div><\/div><div class=\"element be-hoverlay not-wide no-wide-width-height  c_to_c\"style=\"margin-bottom: 40px;\" data-category-names = \"\"><div class=\"element-inner\" style=\"margin-left: 40px;\"><a href=\"https:\/\/www.pompomfilm.hr\/hr\/portfolio\/blue-teddy-bear\/\" class=\"thumb-wrap\" data-gdpr-atts=\"{}\" title=\"plavi medo\" ><div class=\"flip-wrap\" ><div   style = \"padding-bottom : 62.5%;background-color:rgba(245,245,245,1);\" class=\"flip-img-wrap\"><img decoding=\"async\" src=\"https:\/\/www.pompomfilm.hr\/wp-content\/uploads\/2022\/04\/plavi-medo-storyboard-3_38.jpg\" alt=\"\"\/><\/div><\/div><div class=\"thumb-overlay\"><div class=\"thumb-bg\" style=\"background-color:rgba(0, 0, 0, 0.5);\"><div class=\"thumb-title-wrap\"><div class=\"thumb-title\" >Plavi medo<\/div><\/div><\/div><div class = \"thumb-border-wrapper\" style = \"border-color:rgba(0,0,0,0.4);\" ><\/div><\/div><\/a><\/div><\/div><\/div><\/div><\/div><div  class=\"tatsu-module tatsu-normal-button tatsu-button-wrap   tatsu-r1-OW1dpX\"><a class=\"tatsu-shortcode mediumbtn tatsu-button left-icon    bg-animation-none\" href=\"http:\/\/www.pompomfilm.hr\/hr\/catalogue\/\" style= \"\"  aria-label=\"Pogledaj sve projekte\" data-gdpr-atts=\"{}\" >Pogledaj sve projekte<\/a><style>.tatsu-r1-OW1dpX .tatsu-button:hover{background-color: #222222;color: #ffffff ;border-color: #222222; }.tatsu-r1-OW1dpX .tatsu-button{color: #222222 ;border-width: 2px;border-color: #222222; }<\/style><\/div><\/div><\/div><div class = \"tatsu-column-bg-image-wrap\"><div class = \"tatsu-column-bg-image\" ><\/div><\/div><\/div><style>.tatsu-row > .tatsu-H1Yf-kdpX.tatsu-column{width: 100%;}.tatsu-H1Yf-kdpX.tatsu-column > .tatsu-column-inner > .tatsu-column-overlay{mix-blend-mode: none;}.tatsu-H1Yf-kdpX > .tatsu-column-inner > .tatsu-top-divider{z-index: 9999;}.tatsu-H1Yf-kdpX > .tatsu-column-inner > .tatsu-bottom-divider{z-index: 9999;}.tatsu-H1Yf-kdpX > .tatsu-column-inner > .tatsu-left-divider{z-index: 9999;}.tatsu-H1Yf-kdpX > .tatsu-column-inner > .tatsu-right-divider{z-index: 9999;}@media only screen and (max-width:1377px) {.tatsu-row > .tatsu-H1Yf-kdpX.tatsu-column{width: 100%;}}@media only screen and (min-width:768px) and (max-width: 1024px) {.tatsu-row > .tatsu-H1Yf-kdpX.tatsu-column{width: 100%;}}@media only screen and (max-width: 767px) {.tatsu-row > .tatsu-H1Yf-kdpX.tatsu-column{width: 100%;}}<\/style><\/div><\/div><\/div><\/div><div class=\"tatsu-section-background-wrap\"><div class = \"tatsu-section-background\" ><\/div><\/div><style>.tatsu-B1WFMbkOTQ .tatsu-section-pad{padding: 15px 0px 90px 0px;}.tatsu-B1WFMbkOTQ > .tatsu-bottom-divider{z-index: 9999;}.tatsu-B1WFMbkOTQ > .tatsu-top-divider{z-index: 9999;}<\/style><\/div>","protected":false},"excerpt":{"rendered":"<p><a href=\"https:\/\/www.pompomfilm.hr\/hr\/portfolio\/blue-teddy-bear\/\" class=\"more-link style1-button\">Read More<\/a><\/p>","protected":false},"author":1,"featured_media":0,"parent":0,"menu_order":0,"comment_status":"closed","ping_status":"closed","template":"","meta":{"bgseo_title":"PomPom FIlm","bgseo_description":"PomPom Film is production company dedicated to the creation of captivating films for children and young audiences. Through our films, we aim to inspire young audiences to dream big, embrace diversity, and make a positive impact on the world around them. ","bgseo_robots_index":"index","bgseo_robots_follow":"follow","om_disable_all_campaigns":false,"_monsterinsights_skip_tracking":false,"_monsterinsights_sitenote_active":false,"_monsterinsights_sitenote_note":"","_monsterinsights_sitenote_category":0,"footnotes":""},"class_list":["post-78","page","type-page","status-publish","hentry"],"aioseo_notices":[],"_links":{"self":[{"href":"https:\/\/www.pompomfilm.hr\/hr\/wp-json\/wp\/v2\/pages\/78","targetHints":{"allow":["GET"]}}],"collection":[{"href":"https:\/\/www.pompomfilm.hr\/hr\/wp-json\/wp\/v2\/pages"}],"about":[{"href":"https:\/\/www.pompomfilm.hr\/hr\/wp-json\/wp\/v2\/types\/page"}],"author":[{"embeddable":true,"href":"https:\/\/www.pompomfilm.hr\/hr\/wp-json\/wp\/v2\/users\/1"}],"replies":[{"embeddable":true,"href":"https:\/\/www.pompomfilm.hr\/hr\/wp-json\/wp\/v2\/comments?post=78"}],"version-history":[{"count":11,"href":"https:\/\/www.pompomfilm.hr\/hr\/wp-json\/wp\/v2\/pages\/78\/revisions"}],"predecessor-version":[{"id":523,"href":"https:\/\/www.pompomfilm.hr\/hr\/wp-json\/wp\/v2\/pages\/78\/revisions\/523"}],"wp:attachment":[{"href":"https:\/\/www.pompomfilm.hr\/hr\/wp-json\/wp\/v2\/media?parent=78"}],"curies":[{"name":"wp","href":"https:\/\/api.w.org\/{rel}","templated":true}]}}