{"id":125,"date":"2015-10-19T13:21:53","date_gmt":"2015-10-19T13:21:53","guid":{"rendered":"http:\/\/www.brandexponents.com\/oshin-demo\/v20\/?page_id=9"},"modified":"2025-08-10T15:20:53","modified_gmt":"2025-08-10T15:20:53","slug":"about-us","status":"publish","type":"page","link":"https:\/\/www.pompomfilm.hr\/hr\/about-us\/","title":{"rendered":"O nama"},"content":{"rendered":"<div  class=\"tatsu-h4hxbo5haegerrfj tatsu-section  tatsu-bg-overlay   tatsu-clearfix\" data-title=\"\"  data-headerscheme=\"background--dark\"><div class='tatsu-section-pad clearfix' data-padding='{\"d\":\"90px 0px 0px 0px\"}' data-padding-top='90px'><\/div><div class=\"tatsu-section-background-wrap\"><div class = \"tatsu-section-background\" ><\/div><\/div><div class=\"tatsu-overlay tatsu-section-overlay\"><\/div><style>.tatsu-h4hxbo5haegerrfj .tatsu-section-pad{padding: 90px 0px 0px 0px;}.tatsu-h4hxbo5haegerrfj .tatsu-section-offset-wrap{transform: translateY(-0px);}.tatsu-h4hxbo5haegerrfj > .tatsu-bottom-divider{z-index: 9999;}.tatsu-h4hxbo5haegerrfj > .tatsu-top-divider{z-index: 9999;}.tatsu-h4hxbo5haegerrfj .tatsu-section-overlay{mix-blend-mode: normal;}<\/style><\/div><div  class=\"tatsu-fx7j89u62t58it41 tatsu-section  tatsu-bg-overlay   tatsu-clearfix\" data-title=\"\"  data-headerscheme=\"background--dark\"><div class='tatsu-section-pad clearfix' data-padding='{\"d\":\"300px 0% 300px 0%\"}' data-padding-top='300px'><div class=\"tatsu-row-wrap  tatsu-wrap tatsu-row-one-col tatsu-row-has-one-cols tatsu-medium-gutter tatsu-reg-cols  tatsu-clearfix tatsu-fx7j89u6875rn43i\" ><div  class=\"tatsu-row\" ><div  class=\"tatsu-column  tatsu-column-no-bg tatsu-one-col tatsu-column-image-none tatsu-column-effect-none  tatsu-fx7j89u6fcefw7pp\"  data-parallax-speed=\"0\" style=\"\"><div class=\"tatsu-column-inner\" ><div class=\"tatsu-column-pad-wrap\"><div class=\"tatsu-column-pad\" ><div  class=\"tatsu-module tatsu-inline-text clearfix tatsu-BybJBEFa7\" ><style>.tatsu-BybJBEFa7 .tatsu-inline-text-inner{width: 100%;text-align: left;}.tatsu-BybJBEFa7.tatsu-inline-text{margin: 0px 0px 10px 0px ;}<\/style><div class=\"tatsu-inline-text-inner tatsu-align-center\">\n<h6 style=\"text-align: center;\"><span style=\"color: #ffffff;\">PAR RIJE\u010cI<\/span><\/h6>\n<\/div><\/div><div  class=\"tatsu-module tatsu-inline-text clearfix tatsu-B1k2NNFa7\" ><style>.tatsu-B1k2NNFa7 .tatsu-inline-text-inner{width: 100%;text-align: center;}<\/style><div class=\"tatsu-inline-text-inner tatsu-align-center\">\n<h1 style=\"text-align: center;\"><span style=\"color: #ffffff;\">O nama<\/span><\/h1>\n<\/div><\/div><\/div><\/div><div class = \"tatsu-column-bg-image-wrap\"><div class = \"tatsu-column-bg-image\" ><\/div><\/div><\/div><style>.tatsu-row > .tatsu-fx7j89u6fcefw7pp.tatsu-column{width: 100%;}.tatsu-fx7j89u6fcefw7pp.tatsu-column > .tatsu-column-inner > .tatsu-column-overlay{mix-blend-mode: none;}.tatsu-fx7j89u6fcefw7pp > .tatsu-column-inner > .tatsu-top-divider{z-index: 9999;}.tatsu-fx7j89u6fcefw7pp > .tatsu-column-inner > .tatsu-bottom-divider{z-index: 9999;}.tatsu-fx7j89u6fcefw7pp > .tatsu-column-inner > .tatsu-left-divider{z-index: 9999;}.tatsu-fx7j89u6fcefw7pp > .tatsu-column-inner > .tatsu-right-divider{z-index: 9999;}<\/style><\/div><\/div><\/div><\/div><div class=\"tatsu-section-background-wrap\"><div class = \"tatsu-section-background\" ><\/div><\/div><div class=\"tatsu-overlay tatsu-section-overlay\"><\/div><style>.tatsu-fx7j89u62t58it41 .tatsu-section-background{background-image: url(http:\/\/www.pompomfilm.hr\/wp-content\/uploads\/2025\/08\/Glavonja-still-0.jpeg);background-repeat: no-repeat;background-attachment: scroll;background-position: center center;background-size: initial;}.tatsu-fx7j89u62t58it41 .tatsu-bg-blur{background-repeat: no-repeat;background-attachment: scroll;background-position: center center;background-size: initial;}.tatsu-fx7j89u62t58it41{border-width: 0px 0px px 0px;border-style: solid;}.tatsu-fx7j89u62t58it41 .tatsu-section-pad{padding: 300px 0% 300px 0%;}.tatsu-fx7j89u62t58it41.tatsu-section{margin: -131px -30px 0px -25px;}.tatsu-fx7j89u62t58it41 .tatsu-section-offset-wrap{transform: translateY(-0px);}.tatsu-fx7j89u62t58it41 > .tatsu-bottom-divider{z-index: 9999;}.tatsu-fx7j89u62t58it41 > .tatsu-top-divider{z-index: 9999;}.tatsu-fx7j89u62t58it41 .tatsu-section-overlay{background: rgba(0,0,0,0.4);mix-blend-mode: normal;}@media only screen and (max-width: 767px) {.tatsu-fx7j89u62t58it41 .tatsu-section-background{background-size: initial;}.tatsu-fx7j89u62t58it41 .tatsu-bg-blur{background-size: initial;}.tatsu-fx7j89u62t58it41.tatsu-section{margin: -131px 0px 0px 0px;}}<\/style><\/div><div  class=\"tatsu-fx7jhpb5kf1dy8zb tatsu-section    tatsu-clearfix\" data-title=\"\"  data-headerscheme=\"background--dark\"><div class='tatsu-section-pad clearfix' data-padding='{\"d\":\"100px 0px 0px 0px\"}' data-padding-top='100px'><div class=\"tatsu-row-wrap  tatsu-wrap tatsu-row-one-col tatsu-row-has-one-cols tatsu-medium-gutter tatsu-reg-cols  tatsu-clearfix tatsu-fx7jhpb5qa2mirnp\" ><div  class=\"tatsu-row\" ><div  class=\"tatsu-column  tatsu-column-no-bg tatsu-one-col tatsu-column-image-none tatsu-column-effect-none  tatsu-fx7jhpb5xe5htdh5\"  data-parallax-speed=\"0\" style=\"\"><div class=\"tatsu-column-inner\" ><div class=\"tatsu-column-pad-wrap\"><div class=\"tatsu-column-pad\" ><div  class=\"tatsu-module tatsu-inline-text clearfix tatsu-fx7jhpb70uxuomb\" ><style>.tatsu-fx7jhpb70uxuomb .tatsu-inline-text-inner{width: 60%;text-align: left;}.tatsu-fx7jhpb70uxuomb.tatsu-inline-text{margin: 0px 0px 40px 0px ;}@media only screen and (min-width:768px) and (max-width: 1024px) {.tatsu-fx7jhpb70uxuomb .tatsu-inline-text-inner{width: 90%;}}@media only screen and (max-width: 767px) {.tatsu-fx7jhpb70uxuomb .tatsu-inline-text-inner{width: 100%;}}<\/style><div class=\"tatsu-inline-text-inner\">\n<h4>Produkcijsku ku\u0107u PomPom Film osnovala je redateljica i producentica Marina Andree \u0160kop s idejom da stvori sredi\u0161te za europske filmske talente, mjesto gdje se kreiraju pri\u010de s kojima se publika sna\u017eno poistovje\u0107uje.<span class=\"Apple-converted-space\" style=\"color: #000000; font-family: Calibri, sans-serif; font-size: 18px; text-align: justify; caret-color: #000000; letter-spacing: 0px;\">\u00a0<\/span><\/h4>\n<\/div><\/div><\/div><\/div><div class = \"tatsu-column-bg-image-wrap\"><div class = \"tatsu-column-bg-image\" ><\/div><\/div><\/div><style>.tatsu-row > .tatsu-fx7jhpb5xe5htdh5.tatsu-column{width: 100%;}.tatsu-fx7jhpb5xe5htdh5.tatsu-column > .tatsu-column-inner > .tatsu-column-overlay{mix-blend-mode: none;}.tatsu-fx7jhpb5xe5htdh5 > .tatsu-column-inner > .tatsu-top-divider{z-index: 9999;}.tatsu-fx7jhpb5xe5htdh5 > .tatsu-column-inner > .tatsu-bottom-divider{z-index: 9999;}.tatsu-fx7jhpb5xe5htdh5 > .tatsu-column-inner > .tatsu-left-divider{z-index: 9999;}.tatsu-fx7jhpb5xe5htdh5 > .tatsu-column-inner > .tatsu-right-divider{z-index: 9999;}@media only screen and (max-width:1377px) {.tatsu-row > .tatsu-fx7jhpb5xe5htdh5.tatsu-column{width: 100%;}}@media only screen and (min-width:768px) and (max-width: 1024px) {.tatsu-row > .tatsu-fx7jhpb5xe5htdh5.tatsu-column{width: 100%;}}@media only screen and (max-width: 767px) {.tatsu-row > .tatsu-fx7jhpb5xe5htdh5.tatsu-column{width: 100%;}}<\/style><\/div><\/div><\/div><\/div><div class=\"tatsu-section-background-wrap\"><div class = \"tatsu-section-background\" ><\/div><\/div><style>.tatsu-fx7jhpb5kf1dy8zb .tatsu-section-pad{padding: 100px 0px 0px 0px;}.tatsu-fx7jhpb5kf1dy8zb > .tatsu-bottom-divider{z-index: 9999;}.tatsu-fx7jhpb5kf1dy8zb > .tatsu-top-divider{z-index: 9999;}<\/style><\/div><div  class=\"tatsu-Sy-6Cw4Luel tatsu-section  tatsu-bg-overlay   tatsu-clearfix\" data-title=\"\"  data-headerscheme=\"background--dark\"><div class='tatsu-section-pad clearfix' data-padding='{\"d\":\"90px 0px 89px 0px\"}' data-padding-top='90px'><div class=\"tatsu-row-wrap  tatsu-wrap tatsu-row-one-col tatsu-row-has-one-cols tatsu-medium-gutter tatsu-reg-cols  tatsu-clearfix tatsu-H1xpCPVI_ex\" ><div  class=\"tatsu-row\" ><div  class=\"tatsu-column  tatsu-bg-overlay tatsu-one-col tatsu-column-image-none tatsu-column-effect-none  tatsu-Bk6RPVIdex\"  data-parallax-speed=\"0\" style=\"\"><div class=\"tatsu-column-inner\" ><div class=\"tatsu-column-pad-wrap\"><div class=\"tatsu-column-pad\" ><div  class=\"tatsu-module tatsu-text-block-wrap tatsu-SJb1u4UOle\"><div class=\"tatsu-text-inner tatsu-align-center  clearfix\" ><style>.tatsu-SJb1u4UOle.tatsu-text-block-wrap .tatsu-text-inner{width: 100%;text-align: left;}<\/style>\n<p style=\"font-weight: 400;\">Od 2011. godine Marina je intenzivno uklju\u010dena u stvaranje audiovizualnog sadr\u017eaja za djecu i mlade, a mnogi njezini projekti emitirani su na Hrvatskoj televiziji. Me\u0111u njezinim radovima su dje\u010dja TV serija Labaratorij na kraju svemira \/ SpaceLab, interaktivni projekt RECi za tinejd\u017eere te transmedijski projekt Igrajmo pri\u010du, koji je osvojio nagradu za najbolji projekt na JCM Cinekid 2014. Igrajmo pri\u010du prikazana je i na VOD platformi Danskog filmskog instituta za \u0161kole, a dostupna je i kao iOS aplikacija.<\/p>\n<p style=\"font-weight: 400;\" class=\"translation-block\">Zajedno s Dra\u017eenom \u017darkovi\u0107em, re\u017eirala je i producirala znanstveno-fantasti\u010dni igrani film za djecu Moj dida je pao s Marsa, distribuiran u dvadeset i \u0161est zemalja i prikazan na vi\u0161e od 60 me\u0111unarodnih festivala, uklju\u010duju\u0107i Cinekid 2019, Var\u0161avski me\u0111unarodni filmski festival 2019, Filmski festival u Cottbusu 2019, Tallin Black Nights Film Festival 2019, Me\u0111unarodni filmski festival u Solunu 2019 i druge. Film je osvojio \u0161esnaest me\u0111unarodnih nagrada, me\u0111u kojima i presti\u017enu ECFA nagradu na Olimpija filmskom festivalu u Gr\u010dkoj.<\/p>\n<p style=\"font-weight: 400;\" class=\"translation-block\">Me\u0111u nedavnim uspjesima PomPom Filma isti\u010de se slovensko-luksembur\u0161ko-hrvatsko-slova\u010dka koprodukcija Kapa, redatelja Slobodana Maksimovi\u0107a, koju je podr\u017eao Eurimages. Film je osvojio tri me\u0111unarodne nagrade, uklju\u010duju\u0107i nagradu za najbolji film Dje\u010djeg programa na Sarajevo Film Festivalu 2022. Uspjeh se nastavio i u hrvatskim kinima, gdje je PomPom Film organizirao \u0161kolske projekcije, okupiv\u0161i oko 40.000 gledatelja, dok je na me\u0111unarodnoj razini brojka prema\u0161ila 115.000 gledatelja.<\/p>\n<p style=\"font-weight: 400;\">Godine 2023. PomPom Film je lansirao kratkometra\u017eni animirani film Plavi medo, koji je osvojio tri me\u0111unarodne nagrade te je prikazan na filmskim festivalima poput Giffoni Film Festival 2023, Los Angeles ICFF 2023 i Athens Film Festival 2023.<\/p>\n<p style=\"font-weight: 400;\">U 2025. godini PomPom Film je u fazi postprodukcije s filmom Glavonja, igranim filmom za djecu koji re\u017eiraju i produciraju Marina Andree \u0160kop i Vanda Ra\u00fdmanov\u00e1. Ova avanturisti\u010dka i humoristi\u010dna pri\u010da nagla\u0161ava va\u017enost prihva\u0107anja razli\u010ditosti kroz osebujnu kombinaciju igranog filma i animacije. Koproducenti su PomPom Film (HR), Objectif (SK), Senca Studio (SI), Air Productions (LV) i This and That Productions (RS), a projekt podr\u017eavaju Hrvatski audiovizualni centar, Slova\u010dki audiovizualni fond, Nacionalni filmski centar Latvije, Slovenski filmski centar, Viba Film, Creative Europe MEDIA i drugi.<\/p>\n<p style=\"font-weight: 400;\">Uz Glavonju, PomPom Filmovi planovi za 2025. uklju\u010duju i koprodukciju filma 1970, srpsko-ma\u0111arsko-hrvatskog filma za mladu publiku (14+) u re\u017eiji Darka Lungulova, koji istra\u017euje humor odrastanja u doba hipijevske revolucije i dru\u0161tvenih promjena.<\/p>\n<p style=\"font-weight: 400;\">Suradnja s \u010de\u0161kom produkcijskom ku\u0107om 8Heads Productions donosi i projekt GameGirl, najambiciozniji igrani film za djecu koji se bavi temom prihva\u0107anja kroz razigranu i ma\u0161tovitu pri\u010du o odrastanju. GameGirl podr\u017eavaju CE MEDIA, \u010ce\u0161ki filmski fond i Hrvatski audiovizualni centar.<\/p>\n<\/div><\/div><\/div><\/div><div class = \"tatsu-column-bg-image-wrap\"><div class = \"tatsu-column-bg-image\" ><\/div><\/div><div class=\"tatsu-overlay tatsu-column-overlay tatsu-animate-none\" ><\/div><\/div><style>.tatsu-row > .tatsu-Bk6RPVIdex.tatsu-column{width: 100%;}.tatsu-Bk6RPVIdex.tatsu-column > .tatsu-column-inner > .tatsu-column-overlay{mix-blend-mode: normal;}.tatsu-Bk6RPVIdex > .tatsu-column-inner > .tatsu-top-divider{z-index: 9999;}.tatsu-Bk6RPVIdex > .tatsu-column-inner > .tatsu-bottom-divider{z-index: 9999;}.tatsu-Bk6RPVIdex > .tatsu-column-inner > .tatsu-left-divider{z-index: 9999;}.tatsu-Bk6RPVIdex > .tatsu-column-inner > .tatsu-right-divider{z-index: 9999;}@media only screen and (max-width:1377px) {.tatsu-row > .tatsu-Bk6RPVIdex.tatsu-column{width: 100%;}}@media only screen and (min-width:768px) and (max-width: 1024px) {.tatsu-row > .tatsu-Bk6RPVIdex.tatsu-column{width: 100%;}}@media only screen and (max-width: 767px) {.tatsu-row > .tatsu-Bk6RPVIdex.tatsu-column{width: 100%;}}<\/style><\/div><\/div><\/div><\/div><div class=\"tatsu-section-background-wrap\"><div class = \"tatsu-section-background\" ><\/div><\/div><div class=\"tatsu-overlay tatsu-section-overlay\"><\/div><style>.tatsu-Sy-6Cw4Luel .tatsu-section-pad{padding: 90px 0px 89px 0px;}.tatsu-Sy-6Cw4Luel .tatsu-section-offset-wrap{transform: translateY(-0px);}.tatsu-Sy-6Cw4Luel > .tatsu-bottom-divider{z-index: 9999;}.tatsu-Sy-6Cw4Luel > .tatsu-top-divider{z-index: 9999;}.tatsu-Sy-6Cw4Luel .tatsu-section-overlay{mix-blend-mode: normal;}<\/style><\/div><div  class=\"tatsu-S1-MyaHF6m tatsu-section    tatsu-clearfix\" data-title=\"\"  data-headerscheme=\"background--dark\"><div class='tatsu-section-pad clearfix' data-padding='{\"d\":\"27px 0px 40px 0px\"}' data-padding-top='27px'><div class=\"tatsu-row-wrap  tatsu-wrap tatsu-row-one-col tatsu-row-has-one-cols tatsu-medium-gutter tatsu-reg-cols  tatsu-clearfix tatsu-B1gUqiSKTX\" ><div  class=\"tatsu-row\" ><div  class=\"tatsu-column  tatsu-column-no-bg tatsu-one-col tatsu-column-image-none tatsu-column-effect-none  tatsu-S1U5srY6Q\"  data-parallax-speed=\"0\" style=\"\"><div class=\"tatsu-column-inner\" ><div class=\"tatsu-column-pad-wrap\"><div class=\"tatsu-column-pad\" ><div  class = \"oshine-module special-heading-wrap  tatsu-BJqmHtY39 style6\" ><style>.tatsu-BJqmHtY39.special-heading-wrap.style6{font-size: 14px;margin: 0px 0px 20px 0px;text-align: left;}.tatsu-BJqmHtY39.special-heading-wrap.style6 .be-title{letter-spacing: 2;}.tatsu-BJqmHtY39.special-heading-wrap.style6 .be-border {background: #222222;}<\/style><div class = \"special-heading-inner-wrap be-border-style2 be-expand\" ><div class = \"be-border\" ><\/div><h6 class = \"be-title\">Our Team<\/h6><\/div><\/div><\/div><\/div><div class = \"tatsu-column-bg-image-wrap\"><div class = \"tatsu-column-bg-image\" ><\/div><\/div><\/div><style>.tatsu-row > .tatsu-S1U5srY6Q.tatsu-column{width: 100%;}.tatsu-S1U5srY6Q.tatsu-column{margin: 0px 0px 30px 0px  !important;}.tatsu-S1U5srY6Q.tatsu-column > .tatsu-column-inner > .tatsu-column-overlay{mix-blend-mode: none;}.tatsu-S1U5srY6Q > .tatsu-column-inner > .tatsu-top-divider{z-index: 9999;}.tatsu-S1U5srY6Q > .tatsu-column-inner > .tatsu-bottom-divider{z-index: 9999;}.tatsu-S1U5srY6Q > .tatsu-column-inner > .tatsu-left-divider{z-index: 9999;}.tatsu-S1U5srY6Q > .tatsu-column-inner > .tatsu-right-divider{z-index: 9999;}@media only screen and (max-width:1377px) {.tatsu-row > .tatsu-S1U5srY6Q.tatsu-column{width: 100%;}}@media only screen and (min-width:768px) and (max-width: 1024px) {.tatsu-row > .tatsu-S1U5srY6Q.tatsu-column{width: 100%;}}@media only screen and (max-width: 767px) {.tatsu-row > .tatsu-S1U5srY6Q.tatsu-column{width: 100%;}}<\/style><\/div><\/div><\/div><div class=\"tatsu-row-wrap  tatsu-wrap tatsu-row-has-three-cols tatsu-medium-gutter tatsu-reg-cols  tatsu-clearfix tatsu-B1e5vVBKpm\" ><div  class=\"tatsu-row\" ><div  class=\"tatsu-column  tatsu-column-no-bg tatsu-one-third tatsu-column-image-none tatsu-column-effect-none  tatsu-HyhDNBFpm\"  data-parallax-speed=\"0\" style=\"\"><div class=\"tatsu-column-inner\" ><div class=\"tatsu-column-pad-wrap\"><div class=\"tatsu-column-pad\" ><div  class=\"tatsu-ByDrjBtaQ team-shortcode-wrap oshine-module\"  ><div class=\"element style1-hover c_to_c style3-title\"><div class=\"element-inner\"><div class=\"flip-wrap\"><div class=\"flip-img-wrap none-effect\"><img decoding=\"async\" src=\"http:\/\/www.pompomfilm.hr\/wp-content\/uploads\/2022\/07\/MarinaAS_photo_300x300-1.jpg\" alt=\"Marina Andree \u0160kop\" \/><\/div><\/div><div class=\"thumb-overlay\"><div class=\"thumb-bg\" ><div class=\"display-table\"><div class=\"display-table-cell vertical-align-middle\"><div class=\"team-wrap clearfix\" ><h6 class=\"team-title\" >Marina Andree \u0160kop<\/h6><p class=\"designation\" >redateljica, producentica i direktorica<\/p><p class=\"team-description\" ><\/p><ul class=\"team-social clearfix over\" ><li class=\"icon-shortcode\"><a href=\"https:\/\/www.facebook.com\/marina.andreeskop\" class=\"font-icon tatsu-icon team_icons\" target=\"_blank\"><i class=\"icon-facebook\"><\/i><\/a><\/li><li class=\"icon-shortcode\"><a href=\"https:\/\/www.youtube.com\/channel\/UChE78syjmgLD6lL6cuDpv4g\" class=\"font-icon tatsu-icon team_icons\" target=\"_blank\"><i class=\"icon-youtube\"><\/i><\/a><\/li><\/ul><\/div><\/div><\/div><\/div><\/div><\/div><\/div><style>.tatsu-ByDrjBtaQ .team-title{color: rgba(255,255,255,1) ;}.tatsu-ByDrjBtaQ .team-description{color: rgba(255,255,255,1) ;}.tatsu-ByDrjBtaQ .designation{color: rgba(255,255,255,1) ;}.tatsu-ByDrjBtaQ i{color: rgba(255,255,255,1) ;}.tatsu-ByDrjBtaQ i:hover{color: rgba(255,255,255,0.5) ;}.tatsu-ByDrjBtaQ .thumb-bg{background: rgba(0,0,0,1);}<\/style><\/div><\/div><\/div><div class = \"tatsu-column-bg-image-wrap\"><div class = \"tatsu-column-bg-image\" ><\/div><\/div><\/div><style>.tatsu-row > .tatsu-HyhDNBFpm.tatsu-column{width: 44.1%;}.tatsu-HyhDNBFpm.tatsu-column > .tatsu-column-inner > .tatsu-column-overlay{mix-blend-mode: none;}.tatsu-HyhDNBFpm > .tatsu-column-inner > .tatsu-top-divider{z-index: 9999;}.tatsu-HyhDNBFpm > .tatsu-column-inner > .tatsu-bottom-divider{z-index: 9999;}.tatsu-HyhDNBFpm > .tatsu-column-inner > .tatsu-left-divider{z-index: 9999;}.tatsu-HyhDNBFpm > .tatsu-column-inner > .tatsu-right-divider{z-index: 9999;}@media only screen and (max-width:1377px) {.tatsu-row > .tatsu-HyhDNBFpm.tatsu-column{width: 33.33%;}}@media only screen and (min-width:768px) and (max-width: 1024px) {.tatsu-row > .tatsu-HyhDNBFpm.tatsu-column{width: 33.33%;}}@media only screen and (max-width: 767px) {.tatsu-row > .tatsu-HyhDNBFpm.tatsu-column{width: 100%;}}<\/style><\/div><div  class=\"tatsu-column  tatsu-column-no-bg tatsu-column-empty tatsu-one-third tatsu-column-image-none tatsu-column-effect-none  tatsu-SylhPNrY6Q\"  data-parallax-speed=\"0\" style=\"\"><div class=\"tatsu-column-inner\" ><div class=\"tatsu-column-pad-wrap\"><div class=\"tatsu-column-pad\" ><\/div><\/div><div class = \"tatsu-column-bg-image-wrap\"><div class = \"tatsu-column-bg-image\" ><\/div><\/div><\/div><style>.tatsu-row > .tatsu-SylhPNrY6Q.tatsu-column{width: 12.1%;}.tatsu-SylhPNrY6Q.tatsu-column > .tatsu-column-inner > .tatsu-column-overlay{mix-blend-mode: none;}.tatsu-SylhPNrY6Q > .tatsu-column-inner > .tatsu-top-divider{z-index: 9999;}.tatsu-SylhPNrY6Q > .tatsu-column-inner > .tatsu-bottom-divider{z-index: 9999;}.tatsu-SylhPNrY6Q > .tatsu-column-inner > .tatsu-left-divider{z-index: 9999;}.tatsu-SylhPNrY6Q > .tatsu-column-inner > .tatsu-right-divider{z-index: 9999;}@media only screen and (max-width:1377px) {.tatsu-row > .tatsu-SylhPNrY6Q.tatsu-column{width: 33.33%;}}@media only screen and (min-width:768px) and (max-width: 1024px) {.tatsu-row > .tatsu-SylhPNrY6Q.tatsu-column{width: 33.33%;}}@media only screen and (max-width: 767px) {.tatsu-row > .tatsu-SylhPNrY6Q.tatsu-column{width: 100%;}}<\/style><\/div><div  class=\"tatsu-column  tatsu-column-no-bg tatsu-one-third tatsu-column-image-none tatsu-column-effect-none  tatsu-rybhDVrtam\"  data-parallax-speed=\"0\" style=\"\"><div class=\"tatsu-column-inner\" ><div class=\"tatsu-column-pad-wrap\"><div class=\"tatsu-column-pad\" ><div  class=\"tatsu-Sy9G3BKTX team-shortcode-wrap oshine-module\"  ><div class=\"element style1-hover c_to_c style3-title\"><div class=\"element-inner\"><div class=\"flip-wrap\"><div class=\"flip-img-wrap none-effect\"><img decoding=\"async\" src=\"http:\/\/www.pompomfilm.hr\/wp-content\/uploads\/2022\/07\/mislava_meter_pavic-300x300-2.jpg\" alt=\"Mislava Meter Pavi\u0107\" \/><\/div><\/div><div class=\"thumb-overlay\"><div class=\"thumb-bg\" ><div class=\"display-table\"><div class=\"display-table-cell vertical-align-middle\"><div class=\"team-wrap clearfix\" ><h6 class=\"team-title\" >Mislava Meter Pavi\u0107<\/h6><p class=\"designation\" >Administrativna supervizorica<\/p><p class=\"team-description\" ><\/p><ul class=\"team-social clearfix over\" ><li class=\"icon-shortcode\"><a href=\"https:\/\/hr.linkedin.com\/in\/mislava-meter-pavic-9b7157174\" class=\"font-icon tatsu-icon team_icons\" target=\"_blank\"><i class=\"icon-linkedin\"><\/i><\/a><\/li><\/ul><\/div><\/div><\/div><\/div><\/div><\/div><\/div><style>.tatsu-Sy9G3BKTX .team-title{color: rgba(255,255,255,1) ;}.tatsu-Sy9G3BKTX .team-description{color: rgba(255,255,255,1) ;}.tatsu-Sy9G3BKTX .designation{color: rgba(255,255,255,1) ;}.tatsu-Sy9G3BKTX i{color: rgba(255,255,255,1) ;}.tatsu-Sy9G3BKTX i:hover{color: rgba(255,255,255,0.5) ;}.tatsu-Sy9G3BKTX .thumb-bg{background: rgba(0,0,0,1);}<\/style><\/div><\/div><\/div><div class = \"tatsu-column-bg-image-wrap\"><div class = \"tatsu-column-bg-image\" ><\/div><\/div><\/div><style>.tatsu-row > .tatsu-rybhDVrtam.tatsu-column{width: 43.79%;}.tatsu-rybhDVrtam.tatsu-column > .tatsu-column-inner > .tatsu-column-overlay{mix-blend-mode: none;}.tatsu-rybhDVrtam > .tatsu-column-inner > .tatsu-top-divider{z-index: 9999;}.tatsu-rybhDVrtam > .tatsu-column-inner > .tatsu-bottom-divider{z-index: 9999;}.tatsu-rybhDVrtam > .tatsu-column-inner > .tatsu-left-divider{z-index: 9999;}.tatsu-rybhDVrtam > .tatsu-column-inner > .tatsu-right-divider{z-index: 9999;}@media only screen and (max-width:1377px) {.tatsu-row > .tatsu-rybhDVrtam.tatsu-column{width: 33.33%;}}@media only screen and (min-width:768px) and (max-width: 1024px) {.tatsu-row > .tatsu-rybhDVrtam.tatsu-column{width: 33.33%;}}@media only screen and (max-width: 767px) {.tatsu-row > .tatsu-rybhDVrtam.tatsu-column{width: 100%;}}<\/style><\/div><\/div><\/div><\/div><div class=\"tatsu-section-background-wrap\"><div class = \"tatsu-section-background\" ><\/div><\/div><style>.tatsu-S1-MyaHF6m .tatsu-section-pad{padding: 27px 0px 40px 0px;}.tatsu-S1-MyaHF6m > .tatsu-bottom-divider{z-index: 9999;}.tatsu-S1-MyaHF6m > .tatsu-top-divider{z-index: 9999;}<\/style><\/div>","protected":false},"excerpt":{"rendered":"<p><a href=\"https:\/\/www.pompomfilm.hr\/hr\/about-us\/\" class=\"more-link style1-button\">Read More<\/a><\/p>","protected":false},"author":1,"featured_media":0,"parent":0,"menu_order":0,"comment_status":"closed","ping_status":"closed","template":"","meta":{"bgseo_title":"","bgseo_description":"","bgseo_robots_index":"index","bgseo_robots_follow":"follow","om_disable_all_campaigns":false,"_monsterinsights_skip_tracking":false,"_monsterinsights_sitenote_active":false,"_monsterinsights_sitenote_note":"","_monsterinsights_sitenote_category":0,"footnotes":""},"class_list":["post-125","page","type-page","status-publish","hentry"],"aioseo_notices":[],"_links":{"self":[{"href":"https:\/\/www.pompomfilm.hr\/hr\/wp-json\/wp\/v2\/pages\/125","targetHints":{"allow":["GET"]}}],"collection":[{"href":"https:\/\/www.pompomfilm.hr\/hr\/wp-json\/wp\/v2\/pages"}],"about":[{"href":"https:\/\/www.pompomfilm.hr\/hr\/wp-json\/wp\/v2\/types\/page"}],"author":[{"embeddable":true,"href":"https:\/\/www.pompomfilm.hr\/hr\/wp-json\/wp\/v2\/users\/1"}],"replies":[{"embeddable":true,"href":"https:\/\/www.pompomfilm.hr\/hr\/wp-json\/wp\/v2\/comments?post=125"}],"version-history":[{"count":11,"href":"https:\/\/www.pompomfilm.hr\/hr\/wp-json\/wp\/v2\/pages\/125\/revisions"}],"predecessor-version":[{"id":512,"href":"https:\/\/www.pompomfilm.hr\/hr\/wp-json\/wp\/v2\/pages\/125\/revisions\/512"}],"wp:attachment":[{"href":"https:\/\/www.pompomfilm.hr\/hr\/wp-json\/wp\/v2\/media?parent=125"}],"curies":[{"name":"wp","href":"https:\/\/api.w.org\/{rel}","templated":true}]}}